{"id":1590,"date":"2019-02-05T07:05:06","date_gmt":"2019-02-05T07:05:06","guid":{"rendered":"https:\/\/rga.si\/?page_id=1590"},"modified":"2025-05-15T19:59:33","modified_gmt":"2025-05-15T19:59:33","slug":"about-us","status":"publish","type":"page","link":"https:\/\/rga.si\/en\/about-us\/","title":{"rendered":"About Us"},"content":{"rendered":"<div class=\"wpb-content-wrapper\">[vc_row min_height=&#8221;250px&#8221;][vc_column agro_disable_column=&#8221;yes&#8221;]<div id=\"hero\" class=\"nt-shortcode-hero jarallax section_69f2143d05a4b vc_custom_1747339168159 \" data-speed=\"0.7\" data-img-position=\"50% 80%\" data-res-css=\"      .nt-shortcode-hero.section_69f2143d05a4b .breadcrumbs__link,.nt-shortcode-hero.section_69f2143d05a4b .bitem {color: #FFFFFF; } .nt-shortcode-hero.section_69f2143d05a4b li.active, .nt-shortcode-hero.section_69f2143d05a4b .breadcrumbs__link:hover {color: #FFFFFF; }   \"><div class=\"container\"><div class=\"row\"><div class=\"col-12 col-lg-7\"><h1 class=\"__title\"><span><\/span> ABOUT US<\/h1><p class=\"nt-hero-desc\">We are an innovative company working in the field of developing new crop varieties and finding sustainable solutions to optimize their genetic potential.<\/p><div class=\"shortcode-page-breadcrumbs breadcrumb\"><div class=\"nt-breadcrumbs\"><ul class=\"nt-breadcrumbs-list\"><li class=\"bitem\"><span><a class=\"breadcrumbs__link\" href=\"https:\/\/rga.si\/en\/\"><span>Home<\/span><\/a><\/span><\/li><\/ul><\/div><\/div><\/div><\/div><\/div><\/div>[\/vc_column][\/vc_row][vc_row full_width=&#8221;container&#8221;][vc_column agro_md_css=&#8221;.vc_custom_1743754154915{padding-top: 60px !important;padding-bottom: 60px !important;}&#8221; agro_xs_css=&#8221;.vc_custom_1743754154916{padding-top: 35px !important;padding-bottom: 35px !important;}&#8221;]<div class=\"section-heading section-heading--center item_69f2143d06014 vc_custom_1747339145074\" data-res-css=\"     .section-heading.item_69f2143d06014 p{color: #333333; }\"><h2 class=\"__title\">RGA, <span>Research Genetics and Agrochemistry<\/span><\/h2><p>RGA, Research Genetics and Agrochemistry is a company that is active in the field of new variety development and finding advanced solutions for exploiting their potential. The word primarily means finding synergy between two different scientific and research fields, which has a clearly set goal, which is how to combine sustainability, productivity and economy in agricultural production. RGA was founded in 2014 as an innovative company (a spin-off of the ``Jo\u017eef Stefan`` Institute), which at the beginning of its business journey was primarily looking for opportunities to implement experience and skills in the induction of male sterility in commercial wheat breeding. This work has resulted in the development of several successful varieties of common wheat and barley, which are marketed in the region under the ``Nexera`` brand. A step into the future is the upgrading of this genetics with advanced solutions in the field of microbiology and chemistry, which will enable it to achieve recognition on both the domestic and regional markets.<\/p><\/div>[\/vc_column][\/vc_row][vc_row full_width=&#8221;stretch_row&#8221; disable_element=&#8221;yes&#8221; el_class=&#8221;items1&#8243;][vc_column el_class=&#8221;items1&#8243;]<div class=\"section\"><div class=\"container-fluid\"><div class=\"product-features\"><div class=\"__item item_69f2143d060b3\" data-res-css=\"   \"><div class=\"__inner\"><div class=\"row justify-content-sm-center\"><div class=\"col-12 col-md-9 col-lg-6\"><div class=\"__content\"><h3 class=\"__title\">Genetika <span><\/span><\/h3><div><div id=\"genetika\"><\/div>\n<p>Beseda genetika v imenu podjetja je tesno povezana z eksploatacijo u\u010dinka heterozisa v tribusu Triticeae. Heterozis je kompleksen pojav, ki kljub \u0161tevilnim raziskavam \u0161e vedno ni popolnoma pojasnjen. Danes se eksploatacija heterozisa najpogosteje pojavlja v kontekstu uporabe F1 hibridov in hibridnih sort. Pri tem bi naj F1 hibridi in hibridne sorte praviloma dosegale vi\u0161jo produktivnost v primerjavi z njihovimi star\u0161evskimi komponentami in\/ali standardnimi sortami. Za nastanek F1 hibrida sta potrebni najmanj dve star\u0161evski komponenti z razli\u010dno genetsko strukturo, ki se pa pri vsaki posamezni star\u0161evski komponenti nahaja v bolj ali manj homozigotnem stanju. Za kombiniranje dveh genetsko razli\u010dnih star\u0161evskih komponent je pogosto osnovni pogoj, da se pri \u017eenski star\u0161evski komponenti dose\u017ee indukcijo mo\u0161ke sterilnosti. Izpolnjevanje tega osnovnega pogoja se pravi indukcije mo\u0161ke sterilnosti je podjetje RGA prepoznalo kot svojo poslovno prilo\u017enost. Pri razvoju inovativnih re\u0161itev za indukcijo mo\u0161ke sterilnosti pri hermafroditnih rastlinskih vrstah kot je navadna p\u0161enica je podjetje v svojih desetih letih obstoja stkalo \u0161tevilna partnerstva na regionalni in svetovni ravni med drugim tudi z najve\u010djimi predstavniki svetovne semenarske industrije. Zato ima \u010drka G kot genetika osrednji pomen v celotnem delovanju podjetja RGA v preteklosti, v sedanjosti in tudi v prihodnosti.<\/p>\n<\/div><\/div><\/div><div class=\"col-12 col-md-9 col-lg-6\"><div class=\"__image\"><img decoding=\"async\" src=\"https:\/\/rga.si\/wp-content\/uploads\/2025\/04\/wheat-grain-and-wheat-ears-on-a-laboratory-table-2025-03-05-01-24-00-utc.jpg\" class=\"img-fluid\" alt=\"wheat-grain-and-wheat-ears-on-a-laboratory-table-2025-03-05-01-24-00-utc.jpg\"><\/div><\/div><\/div><\/div><\/div><div class=\"__item item_69f2143d06af4\" data-res-css=\"   \"><div class=\"__inner\"><div class=\"row justify-content-sm-center\"><div class=\"col-12 col-md-9 col-lg-6\"><div class=\"__content\"><h3 class=\"__title\">AGROKEMIJA <span><\/span><\/h3><div><p>Razvoj sodobnih sort \u017ee sam po sebi predstavlja velik izziv. Biti inovativen na tem podro\u010dju in se razlikovati od ostalih ponudnikov semenskega materiala pa pomeni biti kreativen in imeti jasno opredeljeno vizijo. Podjetje RGA od svojega samega za\u010detka strmi k temu, da bi omogo\u010dilo kon\u010dnemu uporabniku to je pridelovalcu kar se da najve\u010djo podporo pri \u010drpanju visokega genetskega potenciala RGA-jevih sort. Na za\u010detku poslovne poti so bile tovrstne re\u0161itve usmerjene predvsem v iskanje \u00bbkemijskih\u00ab re\u0161itev kot je na primer uporaba rastnih regulatorjev. Po tem obdobju je sledilo obdobje iskanja \u00bbbiolo\u0161kih\u00ab re\u0161itev kot je na primer razvoj in uporaba sredstev za biolo\u0161ko fiksacijo du\u0161ika pri strnih \u017eitih. Na tem mestu velja izpostaviti, da so interesi podjetja RGA danes usmerjeni predvsem v iskanje u\u010dinkovitih re\u0161itev, ki jih omogo\u010dajo nanotehnologije in nova spoznanja iz podro\u010dja mikrobiologije. Predvsem pa gre pri tem v prvi vrsti predvsem za optimizacijo preskrbe rastlin z du\u0161ikom in eksploatacijo holobionta v smislu pove\u010danja odpornosti na abiotski in biotski stres.<\/p>\n<\/div><\/div><\/div><div class=\"col-12 col-md-9 col-lg-6\"><div class=\"__image\"><img decoding=\"async\" src=\"https:\/\/rga.si\/wp-content\/uploads\/2025\/04\/laboratory-with-microscope-and-plants-practical-c-2025-03-24-07-03-35-utc.jpg\" class=\"img-fluid\" alt=\"laboratory-with-microscope-and-plants-practical-c-2025-03-24-07-03-35-utc.jpg\"><\/div><\/div><\/div><\/div><\/div><div class=\"__item item_69f2143d06cfa\" data-res-css=\"   \"><div class=\"__inner\"><div class=\"row justify-content-sm-center\"><div class=\"col-12 col-md-9 col-lg-6\"><div class=\"__content\"><h3 class=\"__title\">APLIKATIVNO <span><\/span><\/h3><div><p>Beseda aplikativno je pri podjetju RGA povezana z razvojem naprednih re\u0161itev za uporabo v rastlinski pridelavi. Podjetje je bilo ustanovljeno z namenom prenosa znanja o eksploataciji genetskega u\u010dinka heterozisa v tribusu Triticeae v splo\u0161no poljedelsko prakso. Danes je podjetje RGA prepoznavno po visokoproduktivnih sortah navadne p\u0161enice, ki se v prodaji nahajajo pod generi\u010dnim imenom \u00bbNexera\u00ab. Pri tem je potrebno izpostaviti, da je genetika prodjeta RGA komercialno opredeljena z blagovno znamko TiGen, ki je izpeljanka dveh besed, priimka ustanovitelja in besede gen.<\/p>\n<\/div><\/div><\/div><div class=\"col-12 col-md-9 col-lg-6\"><div class=\"__image\"><img decoding=\"async\" src=\"https:\/\/rga.si\/wp-content\/uploads\/2025\/04\/barley-grain-and-barley-ears-on-a-laboratory-table-2025-01-09-09-06-43-utc.jpg\" class=\"img-fluid\" alt=\"barley-grain-and-barley-ears-on-a-laboratory-table-2025-01-09-09-06-43-utc.jpg\"><\/div><\/div><\/div><\/div><\/div><\/div><\/div><\/div>[\/vc_column][\/vc_row]\n<\/div>","protected":false},"excerpt":{"rendered":"<p>[vc_row min_height=&#8221;250px&#8221;][vc_column agro_disable_column=&#8221;yes&#8221;][\/vc_column][\/vc_row][vc_row full_width=&#8221;container&#8221;][vc_column agro_md_css=&#8221;.vc_custom_1743754154915{padding-top: 60px !important;padding-bottom: 60px !important;}&#8221; agro_xs_css=&#8221;.vc_custom_1743754154916{padding-top: 35px !important;padding-bottom: 35px !important;}&#8221;][\/vc_column][\/vc_row][vc_row full_width=&#8221;stretch_row&#8221; disable_element=&#8221;yes&#8221; el_class=&#8221;items1&#8243;][vc_column el_class=&#8221;items1&#8243;][\/vc_column][\/vc_row]<\/p>\n","protected":false},"author":1,"featured_media":0,"parent":0,"menu_order":0,"comment_status":"closed","ping_status":"closed","template":"custom-page.php","meta":{"footnotes":""},"class_list":["post-1590","page","type-page","status-publish","hentry"," nt-post-class"],"_links":{"self":[{"href":"https:\/\/rga.si\/en\/wp-json\/wp\/v2\/pages\/1590","targetHints":{"allow":["GET"]}}],"collection":[{"href":"https:\/\/rga.si\/en\/wp-json\/wp\/v2\/pages"}],"about":[{"href":"https:\/\/rga.si\/en\/wp-json\/wp\/v2\/types\/page"}],"author":[{"embeddable":true,"href":"https:\/\/rga.si\/en\/wp-json\/wp\/v2\/users\/1"}],"replies":[{"embeddable":true,"href":"https:\/\/rga.si\/en\/wp-json\/wp\/v2\/comments?post=1590"}],"version-history":[{"count":2,"href":"https:\/\/rga.si\/en\/wp-json\/wp\/v2\/pages\/1590\/revisions"}],"predecessor-version":[{"id":1592,"href":"https:\/\/rga.si\/en\/wp-json\/wp\/v2\/pages\/1590\/revisions\/1592"}],"wp:attachment":[{"href":"https:\/\/rga.si\/en\/wp-json\/wp\/v2\/media?parent=1590"}],"curies":[{"name":"wp","href":"https:\/\/api.w.org\/{rel}","templated":true}]}}