{"id":1258,"date":"2025-04-25T06:29:23","date_gmt":"2025-04-25T06:29:23","guid":{"rendered":"https:\/\/rga.si\/?post_type=product&#038;p=1258"},"modified":"2025-04-25T06:30:47","modified_gmt":"2025-04-25T06:30:47","slug":"nexera-88","status":"publish","type":"product","link":"https:\/\/rga.si\/en\/product\/nexera-88\/","title":{"rendered":"Nexera 88"},"content":{"rendered":"<p><img loading=\"lazy\" decoding=\"async\" class=\"alignnone wp-image-1245 size-full\" src=\"https:\/\/rga.si\/wp-content\/uploads\/2025\/04\/1_0002_Nexera_88_TL-scaled.jpg\" alt=\"\" width=\"1820\" height=\"2560\" srcset=\"https:\/\/rga.si\/wp-content\/uploads\/2025\/04\/1_0002_Nexera_88_TL-scaled.jpg 1820w, https:\/\/rga.si\/wp-content\/uploads\/2025\/04\/1_0002_Nexera_88_TL-213x300.jpg 213w, https:\/\/rga.si\/wp-content\/uploads\/2025\/04\/1_0002_Nexera_88_TL-728x1024.jpg 728w, https:\/\/rga.si\/wp-content\/uploads\/2025\/04\/1_0002_Nexera_88_TL-768x1080.jpg 768w, https:\/\/rga.si\/wp-content\/uploads\/2025\/04\/1_0002_Nexera_88_TL-1092x1536.jpg 1092w, https:\/\/rga.si\/wp-content\/uploads\/2025\/04\/1_0002_Nexera_88_TL-1456x2048.jpg 1456w, https:\/\/rga.si\/wp-content\/uploads\/2025\/04\/1_0002_Nexera_88_TL-85x120.jpg 85w, https:\/\/rga.si\/wp-content\/uploads\/2025\/04\/1_0002_Nexera_88_TL-171x240.jpg 171w, https:\/\/rga.si\/wp-content\/uploads\/2025\/04\/1_0002_Nexera_88_TL-256x360.jpg 256w, https:\/\/rga.si\/wp-content\/uploads\/2025\/04\/1_0002_Nexera_88_TL-341x480.jpg 341w, https:\/\/rga.si\/wp-content\/uploads\/2025\/04\/1_0002_Nexera_88_TL-583x820.jpg 583w, https:\/\/rga.si\/wp-content\/uploads\/2025\/04\/1_0002_Nexera_88_TL-739x1040.jpg 739w, https:\/\/rga.si\/wp-content\/uploads\/2025\/04\/1_0002_Nexera_88_TL-600x844.jpg 600w\" sizes=\"auto, (max-width: 1820px) 100vw, 1820px\" \/><\/p>\n","protected":false},"excerpt":{"rendered":"<h3>Zanesljivost \u00d7 produktivnost<\/h3>\n<p>NEXERA 88 na kratko:<\/p>\n<ul>\n<li>Intenzivna sorta primerna za srednje te\u017eka in te\u017eka rasti\u0161\u010da<\/li>\n<li>Za doseganje rekordnih pridelkov priporo\u010damo uporabo foliarnega \u017evepla<\/li>\n<li>Pri za\u0161\u010diti klasa priporo\u010damo uprabo fungicidov na osnovi protiokonazola<\/li>\n<\/ul>\n","protected":false},"featured_media":1257,"comment_status":"open","ping_status":"closed","template":"","meta":[],"product_brand":[],"product_cat":[43],"product_tag":[],"class_list":{"0":"post-1258","1":"product","2":"type-product","3":"status-publish","4":"has-post-thumbnail","6":"product_cat-sortne-tehnologije","7":" nt-post-class","9":"first","10":"instock","11":"shipping-taxable","12":"purchasable","13":"product-type-simple"},"_links":{"self":[{"href":"https:\/\/rga.si\/en\/wp-json\/wp\/v2\/product\/1258","targetHints":{"allow":["GET"]}}],"collection":[{"href":"https:\/\/rga.si\/en\/wp-json\/wp\/v2\/product"}],"about":[{"href":"https:\/\/rga.si\/en\/wp-json\/wp\/v2\/types\/product"}],"replies":[{"embeddable":true,"href":"https:\/\/rga.si\/en\/wp-json\/wp\/v2\/comments?post=1258"}],"wp:featuredmedia":[{"embeddable":true,"href":"https:\/\/rga.si\/en\/wp-json\/wp\/v2\/media\/1257"}],"wp:attachment":[{"href":"https:\/\/rga.si\/en\/wp-json\/wp\/v2\/media?parent=1258"}],"wp:term":[{"taxonomy":"product_brand","embeddable":true,"href":"https:\/\/rga.si\/en\/wp-json\/wp\/v2\/product_brand?post=1258"},{"taxonomy":"product_cat","embeddable":true,"href":"https:\/\/rga.si\/en\/wp-json\/wp\/v2\/product_cat?post=1258"},{"taxonomy":"product_tag","embeddable":true,"href":"https:\/\/rga.si\/en\/wp-json\/wp\/v2\/product_tag?post=1258"}],"curies":[{"name":"wp","href":"https:\/\/api.w.org\/{rel}","templated":true}]}}