{"id":1260,"date":"2025-04-25T06:45:28","date_gmt":"2025-04-25T06:45:28","guid":{"rendered":"https:\/\/rga.si\/?post_type=product&#038;p=1260"},"modified":"2025-04-25T06:48:17","modified_gmt":"2025-04-25T06:48:17","slug":"nexera-885","status":"publish","type":"product","link":"https:\/\/rga.si\/en\/product\/nexera-885\/","title":{"rendered":"Nexera 885"},"content":{"rendered":"<p><img loading=\"lazy\" decoding=\"async\" class=\"alignnone wp-image-1244 size-full\" src=\"https:\/\/rga.si\/wp-content\/uploads\/2025\/04\/1_0001_Nexera_885_TL-scaled.jpg\" alt=\"\" width=\"1820\" height=\"2560\" srcset=\"https:\/\/rga.si\/wp-content\/uploads\/2025\/04\/1_0001_Nexera_885_TL-scaled.jpg 1820w, https:\/\/rga.si\/wp-content\/uploads\/2025\/04\/1_0001_Nexera_885_TL-213x300.jpg 213w, https:\/\/rga.si\/wp-content\/uploads\/2025\/04\/1_0001_Nexera_885_TL-728x1024.jpg 728w, https:\/\/rga.si\/wp-content\/uploads\/2025\/04\/1_0001_Nexera_885_TL-768x1080.jpg 768w, https:\/\/rga.si\/wp-content\/uploads\/2025\/04\/1_0001_Nexera_885_TL-1092x1536.jpg 1092w, https:\/\/rga.si\/wp-content\/uploads\/2025\/04\/1_0001_Nexera_885_TL-1456x2048.jpg 1456w, https:\/\/rga.si\/wp-content\/uploads\/2025\/04\/1_0001_Nexera_885_TL-85x120.jpg 85w, https:\/\/rga.si\/wp-content\/uploads\/2025\/04\/1_0001_Nexera_885_TL-171x240.jpg 171w, https:\/\/rga.si\/wp-content\/uploads\/2025\/04\/1_0001_Nexera_885_TL-256x360.jpg 256w, https:\/\/rga.si\/wp-content\/uploads\/2025\/04\/1_0001_Nexera_885_TL-341x480.jpg 341w, https:\/\/rga.si\/wp-content\/uploads\/2025\/04\/1_0001_Nexera_885_TL-583x820.jpg 583w, https:\/\/rga.si\/wp-content\/uploads\/2025\/04\/1_0001_Nexera_885_TL-739x1040.jpg 739w, https:\/\/rga.si\/wp-content\/uploads\/2025\/04\/1_0001_Nexera_885_TL-600x844.jpg 600w\" sizes=\"auto, (max-width: 1820px) 100vw, 1820px\" \/><\/p>\n","protected":false},"excerpt":{"rendered":"<h3>Ko je enostavnost v pridelavi p\u0161enice na prvem mestu<\/h3>\n<p>Nexera 885 na kratko:<\/p>\n<ul>\n<li>Bela resnica, ki izstopa po odli\u010dnem zdravstvenem stanju<\/li>\n<li>Sorta je primerna za srednje te\u017eka in te\u017eka rasti\u0161\u010da<\/li>\n<li>Odli\u010dno prena\u0161a tudi pozne setve<\/li>\n<li>Stabilna kru\u0161na kakovost<\/li>\n<li>Kljub temu, da gre za resnico je sorta zelo dobro odporna na osipanje zrn<\/li>\n<li>Sorta ima zelo mo\u010dan koreninski sistem (dobro prena\u0161a stoje\u010do vodo)<\/li>\n<\/ul>\n","protected":false},"featured_media":1261,"comment_status":"open","ping_status":"closed","template":"","meta":[],"product_brand":[],"product_cat":[43],"product_tag":[],"class_list":{"0":"post-1260","1":"product","2":"type-product","3":"status-publish","4":"has-post-thumbnail","6":"product_cat-sortne-tehnologije","7":" nt-post-class","9":"first","10":"instock","11":"shipping-taxable","12":"purchasable","13":"product-type-simple"},"_links":{"self":[{"href":"https:\/\/rga.si\/en\/wp-json\/wp\/v2\/product\/1260","targetHints":{"allow":["GET"]}}],"collection":[{"href":"https:\/\/rga.si\/en\/wp-json\/wp\/v2\/product"}],"about":[{"href":"https:\/\/rga.si\/en\/wp-json\/wp\/v2\/types\/product"}],"replies":[{"embeddable":true,"href":"https:\/\/rga.si\/en\/wp-json\/wp\/v2\/comments?post=1260"}],"wp:featuredmedia":[{"embeddable":true,"href":"https:\/\/rga.si\/en\/wp-json\/wp\/v2\/media\/1261"}],"wp:attachment":[{"href":"https:\/\/rga.si\/en\/wp-json\/wp\/v2\/media?parent=1260"}],"wp:term":[{"taxonomy":"product_brand","embeddable":true,"href":"https:\/\/rga.si\/en\/wp-json\/wp\/v2\/product_brand?post=1260"},{"taxonomy":"product_cat","embeddable":true,"href":"https:\/\/rga.si\/en\/wp-json\/wp\/v2\/product_cat?post=1260"},{"taxonomy":"product_tag","embeddable":true,"href":"https:\/\/rga.si\/en\/wp-json\/wp\/v2\/product_tag?post=1260"}],"curies":[{"name":"wp","href":"https:\/\/api.w.org\/{rel}","templated":true}]}}