{"id":1625,"date":"2025-08-28T10:11:07","date_gmt":"2025-08-28T10:11:07","guid":{"rendered":"https:\/\/rga.si\/?post_type=product&#038;p=1625"},"modified":"2025-08-28T10:18:19","modified_gmt":"2025-08-28T10:18:19","slug":"nos-valverde","status":"publish","type":"product","link":"https:\/\/rga.si\/en\/product\/nos-valverde\/","title":{"rendered":"NOS Valverde"},"content":{"rendered":"<p><img loading=\"lazy\" decoding=\"async\" class=\"alignnone wp-image-1632 size-full\" src=\"https:\/\/rga.si\/wp-content\/uploads\/2025\/08\/nos-letak-scaled.jpg\" alt=\"\" width=\"1823\" height=\"2560\" srcset=\"https:\/\/rga.si\/wp-content\/uploads\/2025\/08\/nos-letak-scaled.jpg 1823w, https:\/\/rga.si\/wp-content\/uploads\/2025\/08\/nos-letak-214x300.jpg 214w, https:\/\/rga.si\/wp-content\/uploads\/2025\/08\/nos-letak-729x1024.jpg 729w, https:\/\/rga.si\/wp-content\/uploads\/2025\/08\/nos-letak-768x1079.jpg 768w, https:\/\/rga.si\/wp-content\/uploads\/2025\/08\/nos-letak-1094x1536.jpg 1094w, https:\/\/rga.si\/wp-content\/uploads\/2025\/08\/nos-letak-1458x2048.jpg 1458w, https:\/\/rga.si\/wp-content\/uploads\/2025\/08\/nos-letak-85x120.jpg 85w, https:\/\/rga.si\/wp-content\/uploads\/2025\/08\/nos-letak-171x240.jpg 171w, https:\/\/rga.si\/wp-content\/uploads\/2025\/08\/nos-letak-256x360.jpg 256w, https:\/\/rga.si\/wp-content\/uploads\/2025\/08\/nos-letak-342x480.jpg 342w, https:\/\/rga.si\/wp-content\/uploads\/2025\/08\/nos-letak-584x820.jpg 584w, https:\/\/rga.si\/wp-content\/uploads\/2025\/08\/nos-letak-741x1040.jpg 741w, https:\/\/rga.si\/wp-content\/uploads\/2025\/08\/nos-letak-600x843.jpg 600w\" sizes=\"auto, (max-width: 1823px) 100vw, 1823px\" \/><\/p>\n","protected":false},"excerpt":{"rendered":"<h3>Intenzivna sorta dvovrstnega je\u010dmena<\/h3>\n<p>NOS Valverde na kratko:<\/p>\n<ul>\n<li>Intenzivna sorta je\u010dmena primerna za setev na srednje te\u017ekih in te\u017ekih rasti\u0161\u010dih<\/li>\n<li>Sorta je posebej primerna za pridelavo v reduciranih sistemih obdelave tal<\/li>\n<li>V pridelavi priporo\u010damo uporabo rastnega regulatorja<\/li>\n<\/ul>\n","protected":false},"featured_media":1626,"comment_status":"open","ping_status":"closed","template":"","meta":[],"product_brand":[],"product_cat":[43],"product_tag":[],"class_list":{"0":"post-1625","1":"product","2":"type-product","3":"status-publish","4":"has-post-thumbnail","6":"product_cat-sortne-tehnologije","7":" nt-post-class","9":"first","10":"instock","11":"shipping-taxable","12":"purchasable","13":"product-type-simple"},"_links":{"self":[{"href":"https:\/\/rga.si\/en\/wp-json\/wp\/v2\/product\/1625","targetHints":{"allow":["GET"]}}],"collection":[{"href":"https:\/\/rga.si\/en\/wp-json\/wp\/v2\/product"}],"about":[{"href":"https:\/\/rga.si\/en\/wp-json\/wp\/v2\/types\/product"}],"replies":[{"embeddable":true,"href":"https:\/\/rga.si\/en\/wp-json\/wp\/v2\/comments?post=1625"}],"wp:featuredmedia":[{"embeddable":true,"href":"https:\/\/rga.si\/en\/wp-json\/wp\/v2\/media\/1626"}],"wp:attachment":[{"href":"https:\/\/rga.si\/en\/wp-json\/wp\/v2\/media?parent=1625"}],"wp:term":[{"taxonomy":"product_brand","embeddable":true,"href":"https:\/\/rga.si\/en\/wp-json\/wp\/v2\/product_brand?post=1625"},{"taxonomy":"product_cat","embeddable":true,"href":"https:\/\/rga.si\/en\/wp-json\/wp\/v2\/product_cat?post=1625"},{"taxonomy":"product_tag","embeddable":true,"href":"https:\/\/rga.si\/en\/wp-json\/wp\/v2\/product_tag?post=1625"}],"curies":[{"name":"wp","href":"https:\/\/api.w.org\/{rel}","templated":true}]}}