{"id":1631,"date":"2025-08-28T10:21:28","date_gmt":"2025-08-28T10:21:28","guid":{"rendered":"https:\/\/rga.si\/?post_type=product&#038;p=1631"},"modified":"2025-08-29T06:19:23","modified_gmt":"2025-08-29T06:19:23","slug":"norma","status":"publish","type":"product","link":"https:\/\/rga.si\/en\/product\/norma\/","title":{"rendered":"Norma"},"content":{"rendered":"<p><img loading=\"lazy\" decoding=\"async\" class=\"alignnone wp-image-1634 size-full\" src=\"https:\/\/rga.si\/wp-content\/uploads\/2025\/08\/norma-letak-scaled.jpg\" alt=\"\" width=\"1828\" height=\"2560\" srcset=\"https:\/\/rga.si\/wp-content\/uploads\/2025\/08\/norma-letak-scaled.jpg 1828w, https:\/\/rga.si\/wp-content\/uploads\/2025\/08\/norma-letak-214x300.jpg 214w, https:\/\/rga.si\/wp-content\/uploads\/2025\/08\/norma-letak-731x1024.jpg 731w, https:\/\/rga.si\/wp-content\/uploads\/2025\/08\/norma-letak-768x1076.jpg 768w, https:\/\/rga.si\/wp-content\/uploads\/2025\/08\/norma-letak-1097x1536.jpg 1097w, https:\/\/rga.si\/wp-content\/uploads\/2025\/08\/norma-letak-1462x2048.jpg 1462w, https:\/\/rga.si\/wp-content\/uploads\/2025\/08\/norma-letak-86x120.jpg 86w, https:\/\/rga.si\/wp-content\/uploads\/2025\/08\/norma-letak-171x240.jpg 171w, https:\/\/rga.si\/wp-content\/uploads\/2025\/08\/norma-letak-257x360.jpg 257w, https:\/\/rga.si\/wp-content\/uploads\/2025\/08\/norma-letak-343x480.jpg 343w, https:\/\/rga.si\/wp-content\/uploads\/2025\/08\/norma-letak-586x820.jpg 586w, https:\/\/rga.si\/wp-content\/uploads\/2025\/08\/norma-letak-743x1040.jpg 743w, https:\/\/rga.si\/wp-content\/uploads\/2025\/08\/norma-letak-600x840.jpg 600w\" sizes=\"auto, (max-width: 1828px) 100vw, 1828px\" \/><\/p>\n","protected":false},"excerpt":{"rendered":"<h3>Ko se zdru\u017eita enostavnost in produktivnost v pridelavi je\u010dmena<\/h3>\n<p>NORMA na kratko:<\/p>\n<ul>\n<li>Intenzivna sorta je\u010dmena primerna za setev na srednje te\u017ekih in te\u017ekih rasti\u0161\u010dih<\/li>\n<li>Sorta je posebej primerna za pridelavo v reduciranih sistemih obdelave tal<\/li>\n<li>V pridelavi priporo\u010damo uporabo rastnega regulatorja<\/li>\n<\/ul>\n","protected":false},"featured_media":1638,"comment_status":"open","ping_status":"closed","template":"","meta":[],"product_brand":[],"product_cat":[43,52],"product_tag":[],"class_list":{"0":"post-1631","1":"product","2":"type-product","3":"status-publish","4":"has-post-thumbnail","6":"product_cat-sortne-tehnologije","7":"product_cat-uncategorized-sl","8":" nt-post-class","10":"first","11":"instock","12":"shipping-taxable","13":"product-type-simple"},"_links":{"self":[{"href":"https:\/\/rga.si\/en\/wp-json\/wp\/v2\/product\/1631","targetHints":{"allow":["GET"]}}],"collection":[{"href":"https:\/\/rga.si\/en\/wp-json\/wp\/v2\/product"}],"about":[{"href":"https:\/\/rga.si\/en\/wp-json\/wp\/v2\/types\/product"}],"replies":[{"embeddable":true,"href":"https:\/\/rga.si\/en\/wp-json\/wp\/v2\/comments?post=1631"}],"wp:featuredmedia":[{"embeddable":true,"href":"https:\/\/rga.si\/en\/wp-json\/wp\/v2\/media\/1638"}],"wp:attachment":[{"href":"https:\/\/rga.si\/en\/wp-json\/wp\/v2\/media?parent=1631"}],"wp:term":[{"taxonomy":"product_brand","embeddable":true,"href":"https:\/\/rga.si\/en\/wp-json\/wp\/v2\/product_brand?post=1631"},{"taxonomy":"product_cat","embeddable":true,"href":"https:\/\/rga.si\/en\/wp-json\/wp\/v2\/product_cat?post=1631"},{"taxonomy":"product_tag","embeddable":true,"href":"https:\/\/rga.si\/en\/wp-json\/wp\/v2\/product_tag?post=1631"}],"curies":[{"name":"wp","href":"https:\/\/api.w.org\/{rel}","templated":true}]}}