{"id":1653,"date":"2025-08-29T06:18:18","date_gmt":"2025-08-29T06:18:18","guid":{"rendered":"https:\/\/rga.si\/?post_type=product&#038;p=1653"},"modified":"2025-08-29T06:19:23","modified_gmt":"2025-08-29T06:19:23","slug":"nexera-923m","status":"publish","type":"product","link":"https:\/\/rga.si\/en\/product\/nexera-923m\/","title":{"rendered":"Nexera 923M"},"content":{"rendered":"<p><img loading=\"lazy\" decoding=\"async\" class=\"alignnone wp-image-1658 size-full\" src=\"https:\/\/rga.si\/wp-content\/uploads\/2025\/08\/nexera-923-letak-scaled.jpg\" alt=\"\" width=\"1828\" height=\"2560\" srcset=\"https:\/\/rga.si\/wp-content\/uploads\/2025\/08\/nexera-923-letak-scaled.jpg 1828w, https:\/\/rga.si\/wp-content\/uploads\/2025\/08\/nexera-923-letak-214x300.jpg 214w, https:\/\/rga.si\/wp-content\/uploads\/2025\/08\/nexera-923-letak-731x1024.jpg 731w, https:\/\/rga.si\/wp-content\/uploads\/2025\/08\/nexera-923-letak-768x1076.jpg 768w, https:\/\/rga.si\/wp-content\/uploads\/2025\/08\/nexera-923-letak-1097x1536.jpg 1097w, https:\/\/rga.si\/wp-content\/uploads\/2025\/08\/nexera-923-letak-1462x2048.jpg 1462w, https:\/\/rga.si\/wp-content\/uploads\/2025\/08\/nexera-923-letak-86x120.jpg 86w, https:\/\/rga.si\/wp-content\/uploads\/2025\/08\/nexera-923-letak-171x240.jpg 171w, https:\/\/rga.si\/wp-content\/uploads\/2025\/08\/nexera-923-letak-257x360.jpg 257w, https:\/\/rga.si\/wp-content\/uploads\/2025\/08\/nexera-923-letak-343x480.jpg 343w, https:\/\/rga.si\/wp-content\/uploads\/2025\/08\/nexera-923-letak-586x820.jpg 586w, https:\/\/rga.si\/wp-content\/uploads\/2025\/08\/nexera-923-letak-743x1040.jpg 743w, https:\/\/rga.si\/wp-content\/uploads\/2025\/08\/nexera-923-letak-600x840.jpg 600w\" sizes=\"auto, (max-width: 1828px) 100vw, 1828px\" \/><\/p>\n","protected":false},"excerpt":{"rendered":"<h3>Ko je kakovost v pridelavi p\u0161enice na prvem mestu<\/h3>\n<p>NEXERA 923M na kratko:<\/p>\n<ul>\n<li>\u00a0\u00bbHigh protein\u00ab sorta<\/li>\n<li>Odli\u010dne reolo\u0161ke lastnosti<\/li>\n<li>Sorta je dobro odporna na vse pomembnej\u0161e bolezni p\u0161enice<\/li>\n<li>Fakultativna (presevna) sorta p\u0161enice<\/li>\n<li>Sorta je zelo dobro prilagojena na su\u0161na rasti\u0161\u010da<\/li>\n<\/ul>\n","protected":false},"featured_media":1656,"comment_status":"open","ping_status":"closed","template":"","meta":[],"product_brand":[],"product_cat":[43],"product_tag":[],"class_list":{"0":"post-1653","1":"product","2":"type-product","3":"status-publish","4":"has-post-thumbnail","6":"product_cat-sortne-tehnologije","7":" nt-post-class","9":"first","10":"instock","11":"shipping-taxable","12":"product-type-simple"},"_links":{"self":[{"href":"https:\/\/rga.si\/en\/wp-json\/wp\/v2\/product\/1653","targetHints":{"allow":["GET"]}}],"collection":[{"href":"https:\/\/rga.si\/en\/wp-json\/wp\/v2\/product"}],"about":[{"href":"https:\/\/rga.si\/en\/wp-json\/wp\/v2\/types\/product"}],"replies":[{"embeddable":true,"href":"https:\/\/rga.si\/en\/wp-json\/wp\/v2\/comments?post=1653"}],"wp:featuredmedia":[{"embeddable":true,"href":"https:\/\/rga.si\/en\/wp-json\/wp\/v2\/media\/1656"}],"wp:attachment":[{"href":"https:\/\/rga.si\/en\/wp-json\/wp\/v2\/media?parent=1653"}],"wp:term":[{"taxonomy":"product_brand","embeddable":true,"href":"https:\/\/rga.si\/en\/wp-json\/wp\/v2\/product_brand?post=1653"},{"taxonomy":"product_cat","embeddable":true,"href":"https:\/\/rga.si\/en\/wp-json\/wp\/v2\/product_cat?post=1653"},{"taxonomy":"product_tag","embeddable":true,"href":"https:\/\/rga.si\/en\/wp-json\/wp\/v2\/product_tag?post=1653"}],"curies":[{"name":"wp","href":"https:\/\/api.w.org\/{rel}","templated":true}]}}