{"id":1661,"date":"2025-08-29T06:25:57","date_gmt":"2025-08-29T06:25:57","guid":{"rendered":"https:\/\/rga.si\/?post_type=product&#038;p=1661"},"modified":"2025-08-29T06:25:57","modified_gmt":"2025-08-29T06:25:57","slug":"nano-urea-nanostrukturirano-dusikovo-gnojilo","status":"publish","type":"product","link":"https:\/\/rga.si\/en\/product\/nano-urea-nanostrukturirano-dusikovo-gnojilo\/","title":{"rendered":"\u00bbNano Urea\u00ab &#8211; Nanostrukturirano du\u0161ikovo gnojilo"},"content":{"rendered":"<h2>Me\u0161anje z ostalimi pripravki<\/h2>\n<p>Nanostrukturirano du\u0161ikovo gnojilo \u00bbNano Urea\u00ab je praviloma kompatibilno s standardnimi fi tofarmacevtskimi pripravki, ki se uporabljajo v pridelavi strnih \u017eit in koruze. Priporo\u010damo predpreizkus v manj\u0161i koli\u010dini vode. V kolikor pride do segrevanja nastale suspenzije to pomeni, da si uporabljeni pripravki niso kompatibilni.<\/p>\n<p>Za dodatne informacije uporabite naslednji elektronski naslov: info@rga.si<\/p>\n<h2>Skladi\u0161\u010denje in rokovanje<\/h2>\n<p>Nanostrukturirano du\u0161ikovo gnojilo \u00bbNano Urea\u00ab skladi\u0161\u010dimo v hladnem, suhem in temnem prostoro. Rok trajanja zna\u0161a dve leti. Na voljo v embala\u017eah po 1 L, 5 L, 10 L, 20 L in IBC kontejner.<\/p>\n<p><img loading=\"lazy\" decoding=\"async\" class=\"alignnone size-medium wp-image-1662\" src=\"https:\/\/rga.si\/wp-content\/uploads\/2025\/08\/NANO-UREA-2-300x300.jpg\" alt=\"\" width=\"300\" height=\"300\" srcset=\"https:\/\/rga.si\/wp-content\/uploads\/2025\/08\/NANO-UREA-2-300x300.jpg 300w, https:\/\/rga.si\/wp-content\/uploads\/2025\/08\/NANO-UREA-2-150x150.jpg 150w, https:\/\/rga.si\/wp-content\/uploads\/2025\/08\/NANO-UREA-2-768x767.jpg 768w, https:\/\/rga.si\/wp-content\/uploads\/2025\/08\/NANO-UREA-2-120x120.jpg 120w, https:\/\/rga.si\/wp-content\/uploads\/2025\/08\/NANO-UREA-2-240x240.jpg 240w, https:\/\/rga.si\/wp-content\/uploads\/2025\/08\/NANO-UREA-2-360x360.jpg 360w, https:\/\/rga.si\/wp-content\/uploads\/2025\/08\/NANO-UREA-2-480x480.jpg 480w, https:\/\/rga.si\/wp-content\/uploads\/2025\/08\/NANO-UREA-2-820x820.jpg 820w, https:\/\/rga.si\/wp-content\/uploads\/2025\/08\/NANO-UREA-2-600x599.jpg 600w, https:\/\/rga.si\/wp-content\/uploads\/2025\/08\/NANO-UREA-2-100x100.jpg 100w, https:\/\/rga.si\/wp-content\/uploads\/2025\/08\/NANO-UREA-2.jpg 862w\" sizes=\"auto, (max-width: 300px) 100vw, 300px\" \/><\/p>\n","protected":false},"excerpt":{"rendered":"<p>Nanostrukturirano du\u0161ikovo gnojilo namenjeno foliarni aplikaciji v strnih \u017eitih in koruzi. Pri strnih \u017eitih se uporablja kot dopolnilo pri 2. in 3. dognojevanju s \u00bbkonvencionalnimi\u00ab du\u0161ikovimi gnojili. Za najvi\u0161ji u\u010dinek delovanja je priporo\u010deno nano du\u0161ikovo gnojilo uporabiti v \u010dasovnem razmiku od 4 do 8 dni po dognojevanju z nitratnimi mineralnimi gnojili (npr. KAN 27 %). Vsakokratni priporo\u010den odmerek zna\u0161a 2 \u2013 4 L \/ Ha. V pridelavi koruze je priporo\u010dena fenofaza uporabe zagotovljena v obdobju od za\u010detka zapiranja vrst do konca cvetenja. V primeru koruze priporo\u010den odmerek prav tako zna\u0161a 2 \u2013 4 L \/ Ha.<\/p>\n<p>Ob uporabi nanostrukturiranega du\u0161ikovega gnojila \u00bbNano Urea\u00ab lahko priporo\u010dene odmerke mineralnih du\u0161ikovih gnojil zmanj\u0161amo za 30 \u2013 50 %.<\/p>\n","protected":false},"featured_media":1664,"comment_status":"open","ping_status":"closed","template":"","meta":[],"product_brand":[],"product_cat":[44],"product_tag":[],"class_list":{"0":"post-1661","1":"product","2":"type-product","3":"status-publish","4":"has-post-thumbnail","6":"product_cat-agrokemijske-resitve","7":" nt-post-class","9":"first","10":"instock","11":"shipping-taxable","12":"product-type-simple"},"_links":{"self":[{"href":"https:\/\/rga.si\/en\/wp-json\/wp\/v2\/product\/1661","targetHints":{"allow":["GET"]}}],"collection":[{"href":"https:\/\/rga.si\/en\/wp-json\/wp\/v2\/product"}],"about":[{"href":"https:\/\/rga.si\/en\/wp-json\/wp\/v2\/types\/product"}],"replies":[{"embeddable":true,"href":"https:\/\/rga.si\/en\/wp-json\/wp\/v2\/comments?post=1661"}],"wp:featuredmedia":[{"embeddable":true,"href":"https:\/\/rga.si\/en\/wp-json\/wp\/v2\/media\/1664"}],"wp:attachment":[{"href":"https:\/\/rga.si\/en\/wp-json\/wp\/v2\/media?parent=1661"}],"wp:term":[{"taxonomy":"product_brand","embeddable":true,"href":"https:\/\/rga.si\/en\/wp-json\/wp\/v2\/product_brand?post=1661"},{"taxonomy":"product_cat","embeddable":true,"href":"https:\/\/rga.si\/en\/wp-json\/wp\/v2\/product_cat?post=1661"},{"taxonomy":"product_tag","embeddable":true,"href":"https:\/\/rga.si\/en\/wp-json\/wp\/v2\/product_tag?post=1661"}],"curies":[{"name":"wp","href":"https:\/\/api.w.org\/{rel}","templated":true}]}}